{"id":478,"date":"2016-09-28T09:00:08","date_gmt":"2016-09-28T12:00:08","guid":{"rendered":"http:\/\/blog.econodata.com.br\/?page_id=478"},"modified":"2016-09-28T11:36:32","modified_gmt":"2016-09-28T14:36:32","slug":"como-prospectar-empresas-sem-custo","status":"publish","type":"page","link":"https:\/\/www.econodata.com.br\/blog\/como-prospectar-empresas-sem-custo","title":{"rendered":"Como Prospectar Milh\u00f5es de Empresas sem Custo"},"content":{"rendered":"<p>Voc\u00ea sabia que\u00a0pode consultar\u00a0milh\u00f5es de empresas sem custo?<\/p>\n<p>No site da Econodata,\u00a0existem <strong>ferramentas gratuitas e dispon\u00edveis para qualquer\u00a0um que visita o site<\/strong>, por\u00e9m pouco conhecidas pela maioria das pessoas.<\/p>\n<p>Ao inv\u00e9s de perder tempo pesquisando empresas\u00a0na internet, <strong>assista\u00a0o v\u00eddeo abaixo<\/strong> e\u00a0entenda como usar essas ferramentas para <a href=\"https:\/\/www.econodata.com.br\/blog\/mini-guia-de-prospeccao-e-atendimento-comercial\">prospec\u00e7\u00e3o<\/a> de empresas.<\/p>\n<p>Depois de assistir, voc\u00ea certamente vai querer <a href=\"http:\/\/www.econodata.com.br\"><strong>ir ao site da Econodata e tentar voc\u00ea mesmo<\/strong><\/a>. Mas antes de sair, deixa seu coment\u00e1rio abaixo do v\u00eddeo?<\/p>\n<p><script src=\"\/\/fast.wistia.com\/embed\/medias\/2jx3edcast.jsonp\" async><\/script><script src=\"\/\/fast.wistia.com\/assets\/external\/E-v1.js\" async><\/script><\/p>\n<div class=\"wistia_responsive_padding\" style=\"padding:56.34% 0 0 0;position:relative;\">\n<div class=\"wistia_responsive_wrapper\" style=\"height:100%;left:0;position:absolute;top:0;width:100%;\"><span class=\"wistia_embed wistia_async_2jx3edcast popover=true popoverAnimateThumbnail=true videoFoam=true\" style=\"display:inline-block;height:100%;width:100%\">&nbsp;<\/span><\/div>\n<\/div>\n<p>&nbsp;<\/p>\n<p><strong>E ent\u00e3o, o que achou?<\/strong><\/p>\n","protected":false},"excerpt":{"rendered":"<p>Voc\u00ea sabia que\u00a0pode consultar\u00a0milh\u00f5es de empresas sem custo? No site da Econodata,\u00a0existem ferramentas gratuitas e dispon\u00edveis para qualquer\u00a0um que visita o site, por\u00e9m pouco conhecidas pela maioria das pessoas. Ao inv\u00e9s de perder tempo pesquisando empresas\u00a0na internet, assista\u00a0o v\u00eddeo abaixo e\u00a0entenda como usar essas ferramentas para prospec\u00e7\u00e3o de empresas. Depois de assistir, voc\u00ea certamente vai [&hellip;]<\/p>\n","protected":false},"author":3,"featured_media":0,"parent":0,"menu_order":0,"comment_status":"open","ping_status":"open","template":"template-fullwidth.php","meta":{"ocean_post_layout":"","ocean_both_sidebars_style":"","ocean_both_sidebars_content_width":0,"ocean_both_sidebars_sidebars_width":0,"ocean_sidebar":"","ocean_second_sidebar":"","ocean_disable_margins":"enable","ocean_add_body_class":"","ocean_shortcode_before_top_bar":"","ocean_shortcode_after_top_bar":"","ocean_shortcode_before_header":"","ocean_shortcode_after_header":"","ocean_has_shortcode":"","ocean_shortcode_after_title":"","ocean_shortcode_before_footer_widgets":"","ocean_shortcode_after_footer_widgets":"","ocean_shortcode_before_footer_bottom":"","ocean_shortcode_after_footer_bottom":"","ocean_display_top_bar":"default","ocean_display_header":"default","ocean_header_style":"","ocean_center_header_left_menu":"","ocean_custom_header_template":"","ocean_custom_logo":0,"ocean_custom_retina_logo":0,"ocean_custom_logo_max_width":0,"ocean_custom_logo_tablet_max_width":0,"ocean_custom_logo_mobile_max_width":0,"ocean_custom_logo_max_height":0,"ocean_custom_logo_tablet_max_height":0,"ocean_custom_logo_mobile_max_height":0,"ocean_header_custom_menu":"","ocean_menu_typo_font_family":"","ocean_menu_typo_font_subset":"","ocean_menu_typo_font_size":0,"ocean_menu_typo_font_size_tablet":0,"ocean_menu_typo_font_size_mobile":0,"ocean_menu_typo_font_size_unit":"px","ocean_menu_typo_font_weight":"","ocean_menu_typo_font_weight_tablet":"","ocean_menu_typo_font_weight_mobile":"","ocean_menu_typo_transform":"","ocean_menu_typo_transform_tablet":"","ocean_menu_typo_transform_mobile":"","ocean_menu_typo_line_height":0,"ocean_menu_typo_line_height_tablet":0,"ocean_menu_typo_line_height_mobile":0,"ocean_menu_typo_line_height_unit":"","ocean_menu_typo_spacing":0,"ocean_menu_typo_spacing_tablet":0,"ocean_menu_typo_spacing_mobile":0,"ocean_menu_typo_spacing_unit":"","ocean_menu_link_color":"","ocean_menu_link_color_hover":"","ocean_menu_link_color_active":"","ocean_menu_link_background":"","ocean_menu_link_hover_background":"","ocean_menu_link_active_background":"","ocean_menu_social_links_bg":"","ocean_menu_social_hover_links_bg":"","ocean_menu_social_links_color":"","ocean_menu_social_hover_links_color":"","ocean_disable_title":"default","ocean_disable_heading":"default","ocean_post_title":"","ocean_post_subheading":"","ocean_post_title_style":"","ocean_post_title_background_color":"","ocean_post_title_background":0,"ocean_post_title_bg_image_position":"","ocean_post_title_bg_image_attachment":"","ocean_post_title_bg_image_repeat":"","ocean_post_title_bg_image_size":"","ocean_post_title_height":0,"ocean_post_title_bg_overlay":0.5,"ocean_post_title_bg_overlay_color":"","ocean_disable_breadcrumbs":"default","ocean_breadcrumbs_color":"","ocean_breadcrumbs_separator_color":"","ocean_breadcrumbs_links_color":"","ocean_breadcrumbs_links_hover_color":"","ocean_display_footer_widgets":"default","ocean_display_footer_bottom":"default","ocean_custom_footer_template":"","jetpack_post_was_ever_published":false,"footnotes":""},"class_list":["post-478","page","type-page","status-publish","hentry","entry"],"yoast_head":"<!-- This site is optimized with the Yoast SEO plugin v27.5 - https:\/\/yoast.com\/product\/yoast-seo-wordpress\/ -->\n<title>Como Prospectar Milh\u00f5es de Empresas sem Custo - Econodata Blog<\/title>\n<meta name=\"robots\" content=\"index, follow, max-snippet:-1, max-image-preview:large, max-video-preview:-1\" \/>\n<link rel=\"canonical\" href=\"https:\/\/www.econodata.com.br\/blog\/como-prospectar-empresas-sem-custo\" \/>\n<meta property=\"og:locale\" content=\"pt_BR\" \/>\n<meta property=\"og:type\" content=\"article\" \/>\n<meta property=\"og:title\" content=\"Como Prospectar Milh\u00f5es de Empresas sem Custo - Econodata Blog\" \/>\n<meta property=\"og:description\" content=\"Voc\u00ea sabia que\u00a0pode consultar\u00a0milh\u00f5es de empresas sem custo? No site da Econodata,\u00a0existem ferramentas gratuitas e dispon\u00edveis para qualquer\u00a0um que visita o site, por\u00e9m pouco conhecidas pela maioria das pessoas. Ao inv\u00e9s de perder tempo pesquisando empresas\u00a0na internet, assista\u00a0o v\u00eddeo abaixo e\u00a0entenda como usar essas ferramentas para prospec\u00e7\u00e3o de empresas. Depois de assistir, voc\u00ea certamente vai [&hellip;]\" \/>\n<meta property=\"og:url\" content=\"https:\/\/www.econodata.com.br\/blog\/como-prospectar-empresas-sem-custo\" \/>\n<meta property=\"og:site_name\" content=\"Econodata Blog\" \/>\n<meta property=\"article:publisher\" content=\"https:\/\/www.facebook.com\/econodata\" \/>\n<meta property=\"article:modified_time\" content=\"2016-09-28T14:36:32+00:00\" \/>\n<meta name=\"twitter:card\" content=\"summary_large_image\" \/>\n<script type=\"application\/ld+json\" class=\"yoast-schema-graph\">{\"@context\":\"https:\\\/\\\/schema.org\",\"@graph\":[{\"@type\":\"WebPage\",\"@id\":\"https:\\\/\\\/www.econodata.com.br\\\/blog\\\/como-prospectar-empresas-sem-custo\",\"url\":\"https:\\\/\\\/www.econodata.com.br\\\/blog\\\/como-prospectar-empresas-sem-custo\",\"name\":\"Como Prospectar Milh\u00f5es de Empresas sem Custo - Econodata Blog\",\"isPartOf\":{\"@id\":\"https:\\\/\\\/www.econodata.com.br\\\/blog\\\/#website\"},\"datePublished\":\"2016-09-28T12:00:08+00:00\",\"dateModified\":\"2016-09-28T14:36:32+00:00\",\"breadcrumb\":{\"@id\":\"https:\\\/\\\/www.econodata.com.br\\\/blog\\\/como-prospectar-empresas-sem-custo#breadcrumb\"},\"inLanguage\":\"pt-BR\",\"potentialAction\":[{\"@type\":\"ReadAction\",\"target\":[\"https:\\\/\\\/www.econodata.com.br\\\/blog\\\/como-prospectar-empresas-sem-custo\"]}]},{\"@type\":\"BreadcrumbList\",\"@id\":\"https:\\\/\\\/www.econodata.com.br\\\/blog\\\/como-prospectar-empresas-sem-custo#breadcrumb\",\"itemListElement\":[{\"@type\":\"ListItem\",\"position\":1,\"name\":\"In\u00edcio\",\"item\":\"https:\\\/\\\/www.econodata.com.br\\\/blog\\\/\"},{\"@type\":\"ListItem\",\"position\":2,\"name\":\"Como Prospectar Milh\u00f5es de Empresas sem Custo\"}]},{\"@type\":\"WebSite\",\"@id\":\"https:\\\/\\\/www.econodata.com.br\\\/blog\\\/#website\",\"url\":\"https:\\\/\\\/www.econodata.com.br\\\/blog\\\/\",\"name\":\"Econodata Blog\",\"description\":\"Intelig\u00eancia em vendas B2B\",\"publisher\":{\"@id\":\"https:\\\/\\\/www.econodata.com.br\\\/blog\\\/#organization\"},\"potentialAction\":[{\"@type\":\"SearchAction\",\"target\":{\"@type\":\"EntryPoint\",\"urlTemplate\":\"https:\\\/\\\/www.econodata.com.br\\\/blog\\\/?s={search_term_string}\"},\"query-input\":{\"@type\":\"PropertyValueSpecification\",\"valueRequired\":true,\"valueName\":\"search_term_string\"}}],\"inLanguage\":\"pt-BR\"},{\"@type\":\"Organization\",\"@id\":\"https:\\\/\\\/www.econodata.com.br\\\/blog\\\/#organization\",\"name\":\"Blog Econodata\",\"url\":\"https:\\\/\\\/www.econodata.com.br\\\/blog\\\/\",\"logo\":{\"@type\":\"ImageObject\",\"inLanguage\":\"pt-BR\",\"@id\":\"https:\\\/\\\/www.econodata.com.br\\\/blog\\\/#\\\/schema\\\/logo\\\/image\\\/\",\"url\":\"https:\\\/\\\/i0.wp.com\\\/www.econodata.com.br\\\/blog\\\/wp-content\\\/uploads\\\/2025\\\/04\\\/cropped-logo-econodata-1.png?fit=139%2C38&ssl=1\",\"contentUrl\":\"https:\\\/\\\/i0.wp.com\\\/www.econodata.com.br\\\/blog\\\/wp-content\\\/uploads\\\/2025\\\/04\\\/cropped-logo-econodata-1.png?fit=139%2C38&ssl=1\",\"width\":139,\"height\":38,\"caption\":\"Blog Econodata\"},\"image\":{\"@id\":\"https:\\\/\\\/www.econodata.com.br\\\/blog\\\/#\\\/schema\\\/logo\\\/image\\\/\"},\"sameAs\":[\"https:\\\/\\\/www.facebook.com\\\/econodata\",\"https:\\\/\\\/www.instagram.com\\\/econodata.br\\\/\",\"https:\\\/\\\/www.linkedin.com\\\/company\\\/econodata\\\/\",\"https:\\\/\\\/www.youtube.com\\\/c\\\/Econodata\"]}]}<\/script>\n<!-- \/ Yoast SEO plugin. -->","yoast_head_json":{"title":"Como Prospectar Milh\u00f5es de Empresas sem Custo - Econodata Blog","robots":{"index":"index","follow":"follow","max-snippet":"max-snippet:-1","max-image-preview":"max-image-preview:large","max-video-preview":"max-video-preview:-1"},"canonical":"https:\/\/www.econodata.com.br\/blog\/como-prospectar-empresas-sem-custo","og_locale":"pt_BR","og_type":"article","og_title":"Como Prospectar Milh\u00f5es de Empresas sem Custo - Econodata Blog","og_description":"Voc\u00ea sabia que\u00a0pode consultar\u00a0milh\u00f5es de empresas sem custo? No site da Econodata,\u00a0existem ferramentas gratuitas e dispon\u00edveis para qualquer\u00a0um que visita o site, por\u00e9m pouco conhecidas pela maioria das pessoas. Ao inv\u00e9s de perder tempo pesquisando empresas\u00a0na internet, assista\u00a0o v\u00eddeo abaixo e\u00a0entenda como usar essas ferramentas para prospec\u00e7\u00e3o de empresas. Depois de assistir, voc\u00ea certamente vai [&hellip;]","og_url":"https:\/\/www.econodata.com.br\/blog\/como-prospectar-empresas-sem-custo","og_site_name":"Econodata Blog","article_publisher":"https:\/\/www.facebook.com\/econodata","article_modified_time":"2016-09-28T14:36:32+00:00","twitter_card":"summary_large_image","schema":{"@context":"https:\/\/schema.org","@graph":[{"@type":"WebPage","@id":"https:\/\/www.econodata.com.br\/blog\/como-prospectar-empresas-sem-custo","url":"https:\/\/www.econodata.com.br\/blog\/como-prospectar-empresas-sem-custo","name":"Como Prospectar Milh\u00f5es de Empresas sem Custo - Econodata Blog","isPartOf":{"@id":"https:\/\/www.econodata.com.br\/blog\/#website"},"datePublished":"2016-09-28T12:00:08+00:00","dateModified":"2016-09-28T14:36:32+00:00","breadcrumb":{"@id":"https:\/\/www.econodata.com.br\/blog\/como-prospectar-empresas-sem-custo#breadcrumb"},"inLanguage":"pt-BR","potentialAction":[{"@type":"ReadAction","target":["https:\/\/www.econodata.com.br\/blog\/como-prospectar-empresas-sem-custo"]}]},{"@type":"BreadcrumbList","@id":"https:\/\/www.econodata.com.br\/blog\/como-prospectar-empresas-sem-custo#breadcrumb","itemListElement":[{"@type":"ListItem","position":1,"name":"In\u00edcio","item":"https:\/\/www.econodata.com.br\/blog\/"},{"@type":"ListItem","position":2,"name":"Como Prospectar Milh\u00f5es de Empresas sem Custo"}]},{"@type":"WebSite","@id":"https:\/\/www.econodata.com.br\/blog\/#website","url":"https:\/\/www.econodata.com.br\/blog\/","name":"Econodata Blog","description":"Intelig\u00eancia em vendas B2B","publisher":{"@id":"https:\/\/www.econodata.com.br\/blog\/#organization"},"potentialAction":[{"@type":"SearchAction","target":{"@type":"EntryPoint","urlTemplate":"https:\/\/www.econodata.com.br\/blog\/?s={search_term_string}"},"query-input":{"@type":"PropertyValueSpecification","valueRequired":true,"valueName":"search_term_string"}}],"inLanguage":"pt-BR"},{"@type":"Organization","@id":"https:\/\/www.econodata.com.br\/blog\/#organization","name":"Blog Econodata","url":"https:\/\/www.econodata.com.br\/blog\/","logo":{"@type":"ImageObject","inLanguage":"pt-BR","@id":"https:\/\/www.econodata.com.br\/blog\/#\/schema\/logo\/image\/","url":"https:\/\/i0.wp.com\/www.econodata.com.br\/blog\/wp-content\/uploads\/2025\/04\/cropped-logo-econodata-1.png?fit=139%2C38&ssl=1","contentUrl":"https:\/\/i0.wp.com\/www.econodata.com.br\/blog\/wp-content\/uploads\/2025\/04\/cropped-logo-econodata-1.png?fit=139%2C38&ssl=1","width":139,"height":38,"caption":"Blog Econodata"},"image":{"@id":"https:\/\/www.econodata.com.br\/blog\/#\/schema\/logo\/image\/"},"sameAs":["https:\/\/www.facebook.com\/econodata","https:\/\/www.instagram.com\/econodata.br\/","https:\/\/www.linkedin.com\/company\/econodata\/","https:\/\/www.youtube.com\/c\/Econodata"]}]}},"jetpack_shortlink":"https:\/\/wp.me\/PgIxgX-7I","jetpack_sharing_enabled":true,"_links":{"self":[{"href":"https:\/\/www.econodata.com.br\/blog\/wp-json\/wp\/v2\/pages\/478","targetHints":{"allow":["GET"]}}],"collection":[{"href":"https:\/\/www.econodata.com.br\/blog\/wp-json\/wp\/v2\/pages"}],"about":[{"href":"https:\/\/www.econodata.com.br\/blog\/wp-json\/wp\/v2\/types\/page"}],"author":[{"embeddable":true,"href":"https:\/\/www.econodata.com.br\/blog\/wp-json\/wp\/v2\/users\/3"}],"replies":[{"embeddable":true,"href":"https:\/\/www.econodata.com.br\/blog\/wp-json\/wp\/v2\/comments?post=478"}],"version-history":[{"count":14,"href":"https:\/\/www.econodata.com.br\/blog\/wp-json\/wp\/v2\/pages\/478\/revisions"}],"predecessor-version":[{"id":494,"href":"https:\/\/www.econodata.com.br\/blog\/wp-json\/wp\/v2\/pages\/478\/revisions\/494"}],"wp:attachment":[{"href":"https:\/\/www.econodata.com.br\/blog\/wp-json\/wp\/v2\/media?parent=478"}],"curies":[{"name":"wp","href":"https:\/\/api.w.org\/{rel}","templated":true}]}}